{"id":8262,"date":"2020-05-05T21:42:53","date_gmt":"2020-05-06T03:42:53","guid":{"rendered":"http:\/\/edmontonfusionfc.com\/?page_id=8262"},"modified":"2026-02-15T01:59:16","modified_gmt":"2026-02-15T08:59:16","slug":"academie-u11-18","status":"publish","type":"page","link":"https:\/\/edmontonfusionfc.com\/fr\/academie-u11-18\/","title":{"rendered":"Acad\u00e9mie des Jeunes (U11 \u2013 U18)"},"content":{"rendered":"<p><div class=\"fusion-fullwidth fullwidth-box fusion-builder-row-1 nonhundred-percent-fullwidth non-hundred-percent-height-scrolling\" style=\"background-color: #ffffff;background-position: center center;background-repeat: no-repeat;padding-top:0px;padding-right:0px;padding-bottom:0px;padding-left:0px;margin-bottom: 0px;margin-top: 0px;border-width: 0px 0px 0px 0px;border-color:#eae9e9;border-style:solid;\" ><div class=\"fusion-builder-row fusion-row\"><div class=\"fusion-layout-column fusion_builder_column fusion-builder-column-0 fusion_builder_column_1_1 1_1 fusion-one-full fusion-column-first fusion-column-last\" style=\"margin-top:10px;margin-bottom:10px;\"><div class=\"fusion-column-wrapper fusion-flex-column-wrapper-legacy\" style=\"background-position:left top;background-repeat:no-repeat;-webkit-background-size:cover;-moz-background-size:cover;-o-background-size:cover;background-size:cover;padding: 0px 0px 0px 0px;\"><div class=\"fusion-widget-area fusion-widget-area-1 fusion-content-widget-area\"><style type=\"text\/css\">.fusion-widget-area-1 {background-color:rgba(221,0,0,0.05);}.fusion-widget-area-1 {padding:0px 0px 0px 0px;}.fusion-widget-area-1 .widget h4 {color:#333c4e;}.fusion-widget-area-1 .widget .heading h4 {color:#333c4e;}.fusion-widget-area-1 .widget h4 {font-size:18px;}.fusion-widget-area-1 .widget .heading h4 {font-size:18px;}<\/style><div class=\"fusion-additional-widget-content\"><\/div><\/div><div class=\"fusion-clearfix\"><\/div><\/div><\/div><\/div><\/div>\n<div class=\"fusion-fullwidth fullwidth-box fusion-builder-row-2 nonhundred-percent-fullwidth non-hundred-percent-height-scrolling\" style=\"background-color: #ffffff;background-position: left top;background-repeat: no-repeat;padding-top:0px;padding-right:0px;padding-bottom:0px;padding-left:0px;margin-bottom: 0px;margin-top: 0px;border-width: 0px 0px 0px 0px;border-color:#eae9e9;border-style:solid;\" ><div class=\"fusion-builder-row fusion-row\"><div class=\"fusion-layout-column fusion_builder_column fusion-builder-column-1 fusion_builder_column_1_1 1_1 fusion-one-full fusion-column-first fusion-column-last\" style=\"margin-top:10px;margin-bottom:30px;\"><div class=\"fusion-column-wrapper fusion-flex-column-wrapper-legacy\" style=\"background-position:left top;background-repeat:no-repeat;-webkit-background-size:cover;-moz-background-size:cover;-o-background-size:cover;background-size:cover;padding: 0px 0px 0px 0px;\"><div class=\"fusion-text fusion-text-1\"><h3 style=\"text-align: center;\">S&rsquo;ENTRAINER COMME UN PRO<\/h3>\n<\/div><div class=\"fusion-text fusion-text-2\"><p style=\"text-align: center; font-size: 20px;\">Le programme de l&rsquo;Acad\u00e9mie des Jeunes est le plus haut niveau de notre acad\u00e9mie de soccer. Ce programme s&rsquo;adresse \u00e0 des joueurs d\u00e9vou\u00e9s, motiv\u00e9s \u00e0 se pousser vers le niveau sup\u00e9rieur. Les joueurs s\u00e9lectionn\u00e9s pour l&rsquo;Academie des Jeunes sont des athl\u00e8tes 100% orient\u00e9s vers le soccer.<\/p>\n<p style=\"text-align: center;\">\u00c2ges 8 \u00e0 18 ans.<\/p>\n<p style=\"text-align: center;\">Entrainements deux fois par semaine.<\/p>\n<p style=\"text-align: center;\">Endroits:<\/p>\n<p style=\"text-align: center;\">Athletes Hangar (10607 Princess Elizabeth Ave NW, Edmonton, AB T5G 0Y6)<\/p>\n<p style=\"text-align: center;\">Campus Saint-Jean Gymnasium (8406 91 St NW, Edmonton, AB T6C 3N2)<\/p>\n<p style=\"text-align: center;\">\u00c9cole Maurice-Lavall\u00e9e soccer fields (8828 95 St, Edmonton, AB T6C 3W6)<\/p>\n<p style=\"text-align: center;\">Saisons:<\/p>\n<p style=\"text-align: center;\">mai \u00e0 octobre: terrain dehors<\/p>\n<p style=\"text-align: center;\">novembre \u00e0 avril: turf<\/p>\n<p style=\"text-align: center;\">Les entrainements sont en fran\u00e7ais.<\/p>\n<p style=\"text-align: center;\">Pour plus d&rsquo;information, nous rejoindre \u00e0 efusionfc@gmail.com.<\/p>\n<\/div><div class=\"fusion-sep-clear\"><\/div><div class=\"fusion-separator\" style=\"margin-left: auto;margin-right: auto;margin-top:15px;margin-bottom:35px;width:100%;max-width:170px;\"><div class=\"fusion-separator-border sep-single sep-solid\" style=\"border-color:#dfbb6f;border-top-width:1px;\"><\/div><\/div><div class=\"fusion-sep-clear\"><\/div><div class=\"fusion-clearfix\"><\/div><\/div><\/div><\/div><\/div><div class=\"fusion-fullwidth fullwidth-box fusion-builder-row-3 nonhundred-percent-fullwidth non-hundred-percent-height-scrolling\" style=\"background-color: #ffffff;background-image:linear-gradient(0deg, rgba(0,114,186,0.68) 0%,rgba(255,255,255,0) 10%);background-position: center center;background-repeat: no-repeat;padding-top:-90px;padding-right:0px;padding-bottom:0px;padding-left:0px;margin-bottom: 0px;margin-top: 0px;border-width: 0px 0px 0px 0px;border-color:#e0dddb;border-style:solid;\" ><div class=\"fusion-builder-row fusion-row\"><div class=\"fusion-layout-column fusion_builder_column fusion-builder-column-2 fusion_builder_column_1_1 1_1 fusion-one-full fusion-column-first fusion-column-last\" style=\"margin-top:10px;margin-bottom:10px;\"><div class=\"fusion-column-wrapper fusion-flex-column-wrapper-legacy\" style=\"background-position:left top;background-repeat:no-repeat;-webkit-background-size:cover;-moz-background-size:cover;-o-background-size:cover;background-size:cover;padding: 0px 0px 0px 0px;\"><div class=\"fusion-sep-clear\"><\/div><div class=\"fusion-separator fusion-full-width-sep\" style=\"margin-left: auto;margin-right: auto;margin-top:50px;width:100%;\"><\/div><div class=\"fusion-sep-clear\"><\/div><div class=\"fusion-clearfix\"><\/div><\/div><\/div><\/div><\/div>\n<div class=\"fusion-fullwidth fullwidth-box fusion-builder-row-4 nonhundred-percent-fullwidth non-hundred-percent-height-scrolling\" style=\"background-color: #ffffff;background-image:linear-gradient(0deg, rgba(0,114,186,0.43) 0%,rgba(255,255,255,0) 2%);background-position: center center;background-repeat: no-repeat;box-shadow: 1px 1px 2px rgba(2,0,0,0.53);padding-top:11px;padding-right:0px;padding-bottom:0px;padding-left:0px;margin-bottom: 0px;margin-top: 0px;border-width: 0px 0px 0px 0px;border-color:#ffffff;border-style:solid;\" ><div class=\"fusion-builder-row fusion-row\"><div class=\"fusion-layout-column fusion_builder_column fusion-builder-column-3 fusion_builder_column_1_1 1_1 fusion-one-full fusion-column-first fusion-column-last\" style=\"margin-top:0px;margin-bottom:0px;\"><div class=\"fusion-column-wrapper fusion-flex-column-wrapper-legacy\" style=\"background-position:left top;background-repeat:no-repeat;-webkit-background-size:cover;-moz-background-size:cover;-o-background-size:cover;background-size:cover;border-width: 0 0 0 0;border-color:#ffffff;border-style:solid;padding: 0px 0px 0px 0px;\"><div class=\"fusion-column-content-centered\"><div class=\"fusion-column-content\"><div class=\"fusion-text fusion-text-3\"><h3 style=\"text-align: center;\">PARTNERS<\/h3>\n<\/div><div class=\"fusion-text fusion-text-4 fusion-text-no-margin\" style=\"margin-top:0px;margin-bottom:0px;\"><p style=\"text-align: center;\"><strong>\u2014 MAJORS \u2014<\/strong><\/p>\n<div class=\"lshowcase-clear-both\">&nbsp;<\/div><div class=\"lshowcase-logos \"><div  ><div  data-entry-id='6903' class='lshowcase-thumb lshowcase-hover-grayscale lshowcase-wrap-normal ls-major-partners_bellow-header '><div style=\"padding:0%;\" class=\"lshowcase-box-normal\"><div class=\"lshowcase-boxInner-normal\" style=\"width:200px; text-align:center;\"><a href='https:\/\/www.ualberta.ca\/campus-saint-jean' target='_blank' ><img data-no-lazy='1' data-original-title='Campus Saint-Jean' data-entry-id='6903' src='https:\/\/edmontonfusionfc.com\/wp-content\/uploads\/Universite-de-lAlberta-fr_Edmonton-Fusion-FC.jpg'  width='80'  height = '80'  alt='Campus Saint-Jean' title='' class='lshowcase-thumb'  style='height:auto; max-width:50%;' \/><\/a><\/div><\/div><\/div><div  data-entry-id='8664' class='lshowcase-thumb lshowcase-hover-grayscale lshowcase-wrap-normal ls-major-partners_bellow-header '><div style=\"padding:0%;\" class=\"lshowcase-box-normal\"><div class=\"lshowcase-boxInner-normal\" style=\"width:200px; text-align:center;\"><img data-no-lazy='1' data-original-title='KDJ Construction' data-entry-id='8664' src='https:\/\/edmontonfusionfc.com\/wp-content\/uploads\/4.jpg'  width='80'  height = '80'  alt='KDJ Construction' title='' class='lshowcase-thumb' style='height:auto; max-width:53%;' \/><\/div><\/div><\/div><div  data-entry-id='8665' class='lshowcase-thumb lshowcase-hover-grayscale lshowcase-wrap-normal ls-major-partners_bellow-header '><div style=\"padding:0%;\" class=\"lshowcase-box-normal\"><div class=\"lshowcase-boxInner-normal\" style=\"width:200px; text-align:center;\"><a href='http:\/\/www.frenchquarteredmonton.ca\/' target='_blank' ><img data-no-lazy='1' data-original-title='French Quarter' data-entry-id='8665' src='https:\/\/edmontonfusionfc.com\/wp-content\/uploads\/French-Quarter.jpg'  width='80'  height = '80'  alt='French Quarter' title='' class='lshowcase-thumb'  style='height:auto; max-width:51%;' \/><\/a><\/div><\/div><\/div><div  data-entry-id='8666' class='lshowcase-thumb lshowcase-hover-grayscale lshowcase-wrap-normal ls-major-partners_bellow-header '><div style=\"padding:0%;\" class=\"lshowcase-box-normal\"><div class=\"lshowcase-boxInner-normal\" style=\"width:200px; text-align:center;\"><a href='https:\/\/marioglass.ca\/' target='_blank' ><img data-no-lazy='1' data-original-title='Mario Glass' data-entry-id='8666' src='https:\/\/edmontonfusionfc.com\/wp-content\/uploads\/Mario-Glass.jpg'  width='80'  height = '80'  alt='Mario Glass' title='' class='lshowcase-thumb'  style='height:auto; max-width:50%;' \/><\/a><\/div><\/div><\/div><div  data-entry-id='13266' class='lshowcase-thumb lshowcase-hover-grayscale lshowcase-wrap-normal ls-major-partners_bellow-header '><div style=\"padding:0%;\" class=\"lshowcase-box-normal\"><div class=\"lshowcase-boxInner-normal\" style=\"width:200px; text-align:center;\"><a href='https:\/\/markanyx.ca\/' target='_blank' ><img data-no-lazy='1' data-original-title='Markanyx' data-entry-id='13266' src='https:\/\/edmontonfusionfc.com\/wp-content\/uploads\/Markanyx-logo.jpg'  width='80'  height = '80'  alt='Markanyx' title='' class='lshowcase-thumb'   \/><\/a><\/div><\/div><\/div><\/div><\/div><div class=\"lshowcase-clear-both\">&nbsp;<\/div>\n<\/div><div class=\"fusion-text fusion-text-5 fusion-text-no-margin\" style=\"margin-top:0px;margin-bottom:0px;\"><p style=\"text-align: center;\"><strong>\u2014 PREMIUM \u2014<\/strong><\/p>\n<div class=\"lshowcase-clear-both\">&nbsp;<\/div><div class=\"lshowcase-logos \"><div  ><div  data-entry-id='6887' class='lshowcase-thumb lshowcase-hover-grayscale lshowcase-wrap-normal ls-premium-partners '><div style=\"padding:0%;\" class=\"lshowcase-box-normal\"><div class=\"lshowcase-boxInner-normal\" style=\"width:200px; text-align:center;\"><a href='https:\/\/bergeron-cpa.ca\/' target='_blank' ><img data-no-lazy='1' data-original-title='Bergeron &#038; Co.' data-entry-id='6887' src='https:\/\/edmontonfusionfc.com\/wp-content\/uploads\/BergeronCo.jpg'  width='80'  height = '80'  alt='Bergeron &#038; Co.' title='' class='lshowcase-thumb'  style='height:auto; max-width:68%;' \/><\/a><\/div><\/div><\/div><div  data-entry-id='9203' class='lshowcase-thumb lshowcase-hover-grayscale lshowcase-wrap-normal ls-premium-partners '><div style=\"padding:0%;\" class=\"lshowcase-box-normal\"><div class=\"lshowcase-boxInner-normal\" style=\"width:200px; text-align:center;\"><img data-no-lazy='1' data-original-title='Combined Insurance' data-entry-id='9203' src='https:\/\/edmontonfusionfc.com\/wp-content\/uploads\/Combined-Insurance.jpg'  width='80'  height = '80'  alt='Combined Insurance' title='' class='lshowcase-thumb' style='height:auto; max-width:57%;' \/><\/div><\/div><\/div><div  data-entry-id='10024' class='lshowcase-thumb lshowcase-hover-grayscale lshowcase-wrap-normal ls-premium-partners '><div style=\"padding:0%;\" class=\"lshowcase-box-normal\"><div class=\"lshowcase-boxInner-normal\" style=\"width:200px; text-align:center;\"><a href='https:\/\/lefranco.ab.ca\/' target='_blank' ><img data-no-lazy='1' data-original-title='Le Franco' data-entry-id='10024' src='https:\/\/edmontonfusionfc.com\/wp-content\/uploads\/Le-Franco-journal.jpg'  width='80'  height = '80'  alt='Le Franco' title='' class='lshowcase-thumb'  style='height:auto; max-width:30%;' \/><\/a><\/div><\/div><\/div><div  data-entry-id='13320' class='lshowcase-thumb lshowcase-hover-grayscale lshowcase-wrap-normal ls-premium-partners '><div style=\"padding:0%;\" class=\"lshowcase-box-normal\"><div class=\"lshowcase-boxInner-normal\" style=\"width:200px; text-align:center;\"><a href='https:\/\/www.galeriecava.com\/' target='_blank' ><img data-no-lazy='1' data-original-title='CAVA' data-entry-id='13320' src='https:\/\/edmontonfusionfc.com\/wp-content\/uploads\/logo-CAVA.jpg'  width='80'  height = '80'  alt='CAVA' title='' class='lshowcase-thumb'   \/><\/a><\/div><\/div><\/div><div  data-entry-id='13534' class='lshowcase-thumb lshowcase-hover-grayscale lshowcase-wrap-normal ls-premium-partners '><div style=\"padding:0%;\" class=\"lshowcase-box-normal\"><div class=\"lshowcase-boxInner-normal\" style=\"width:200px; text-align:center;\"><a href='https:\/\/www.francomusik.ca\/' target='_blank' ><img data-no-lazy='1' data-original-title='FrancoMusik' data-entry-id='13534' src='https:\/\/edmontonfusionfc.com\/wp-content\/uploads\/FrancoMusik.jpg'  width='80'  height = '80'  alt='FrancoMusik' title='' class='lshowcase-thumb'   \/><\/a><\/div><\/div><\/div><div  data-entry-id='13535' class='lshowcase-thumb lshowcase-hover-grayscale lshowcase-wrap-normal ls-premium-partners '><div style=\"padding:0%;\" class=\"lshowcase-box-normal\"><div class=\"lshowcase-boxInner-normal\" style=\"width:200px; text-align:center;\"><a href='https:\/\/cdmalberta.ca\/' target='_blank' ><img data-no-lazy='1' data-original-title='CDM Alberta' data-entry-id='13535' src='https:\/\/edmontonfusionfc.com\/wp-content\/uploads\/Centre-de-Developpement-Musical.jpg'  width='80'  height = '80'  alt='CDM Alberta' title='' class='lshowcase-thumb'   \/><\/a><\/div><\/div><\/div><\/div><\/div><div class=\"lshowcase-clear-both\">&nbsp;<\/div>\n<\/div><div class=\"fusion-text fusion-text-6 fusion-text-no-margin\" style=\"margin-top:0px;margin-bottom:0px;\"><p style=\"text-align: center;\"><strong>\u2014 SUPPORTERS\u00a0\u2014<\/strong><\/p>\n<div class=\"lshowcase-clear-both\">&nbsp;<\/div><div class=\"lshowcase-logos \"><div  ><div  data-entry-id='6902' class='lshowcase-thumb lshowcase-hover-grayscale lshowcase-wrap-normal ls-supporting-partners '><div style=\"padding:0%;\" class=\"lshowcase-box-normal\"><div class=\"lshowcase-boxInner-normal\" style=\"width:200px; text-align:center;\"><a href='http:\/\/www.lafsfa.ca\/' target='_blank' ><img data-no-lazy='1' data-original-title='FSFA' data-entry-id='6902' src='https:\/\/edmontonfusionfc.com\/wp-content\/uploads\/FSFA.jpg'  width='80'  height = '80'  alt='FSFA' title='' class='lshowcase-thumb'  style='height:auto; max-width:51%;' \/><\/a><\/div><\/div><\/div><div  data-entry-id='9204' class='lshowcase-thumb lshowcase-hover-grayscale lshowcase-wrap-normal ls-supporting-partners '><div style=\"padding:0%;\" class=\"lshowcase-box-normal\"><div class=\"lshowcase-boxInner-normal\" style=\"width:200px; text-align:center;\"><a href='http:\/\/www.rifalberta.com\/' target='_blank' ><img data-no-lazy='1' data-original-title='RIFA' data-entry-id='9204' src='https:\/\/edmontonfusionfc.com\/wp-content\/uploads\/RIFA.jpg'  width='80'  height = '80'  alt='RIFA' title='' class='lshowcase-thumb'  style='height:auto; max-width:50%;' \/><\/a><\/div><\/div><\/div><div  data-entry-id='9539' class='lshowcase-thumb lshowcase-hover-grayscale lshowcase-wrap-normal ls-supporting-partners '><div style=\"padding:0%;\" class=\"lshowcase-box-normal\"><div class=\"lshowcase-boxInner-normal\" style=\"width:200px; text-align:center;\"><a href='https:\/\/www.instagram.com\/11p_apparel\/' target='_blank' ><img data-no-lazy='1' data-original-title='Eleven Performance' data-entry-id='9539' src='https:\/\/edmontonfusionfc.com\/wp-content\/uploads\/Eleven-Performance.jpg'  width='80'  height = '80'  alt='Eleven Performance' title='' class='lshowcase-thumb'  style='height:auto; max-width:70%;' \/><\/a><\/div><\/div><\/div><div  data-entry-id='12115' class='lshowcase-thumb lshowcase-hover-grayscale lshowcase-wrap-normal ls-supporting-partners '><div style=\"padding:0%;\" class=\"lshowcase-box-normal\"><div class=\"lshowcase-boxInner-normal\" style=\"width:200px; text-align:center;\"><a href='https:\/\/www.frap.ca\/' target='_blank' ><img data-no-lazy='1' data-original-title='FRAP-PASE' data-entry-id='12115' src='https:\/\/edmontonfusionfc.com\/wp-content\/uploads\/FRAP.jpg'  width='80'  height = '80'  alt='FRAP-PASE' title='' class='lshowcase-thumb'   \/><\/a><\/div><\/div><\/div><\/div><\/div><div class=\"lshowcase-clear-both\">&nbsp;<\/div>\n<\/div><\/div><\/div><div class=\"fusion-clearfix\"><\/div><\/div><\/div><div class=\"fusion-layout-column fusion_builder_column fusion-builder-column-4 fusion_builder_column_1_1 1_1 fusion-one-full fusion-column-first fusion-column-last\" style=\"margin-top:0px;margin-bottom:-50px;\"><div class=\"fusion-column-wrapper fusion-flex-column-wrapper-legacy\" style=\"background-position:left top;background-repeat:no-repeat;-webkit-background-size:cover;-moz-background-size:cover;-o-background-size:cover;background-size:cover;background-color:rgba(255,255,255,0);padding: 0px 0px 0px 0px;\"><div class=\"imageframe-align-center\"><span class=\" fusion-imageframe imageframe-none imageframe-1 hover-type-none\"><img decoding=\"async\" width=\"150\" height=\"150\" title=\"Edmonton Fusion FC_website 150&#215;150 copy\" data-src=\"http:\/\/edmontonfusionfc.com\/wp-content\/uploads\/Edmonton-Fusion-FC_website-150x150-copy.png\" class=\"img-responsive wp-image-10852 lazyload\" data-srcset=\"https:\/\/edmontonfusionfc.com\/wp-content\/uploads\/\/Edmonton-Fusion-FC_website-150x150-copy-66x66.png 66w, https:\/\/edmontonfusionfc.com\/wp-content\/uploads\/Edmonton-Fusion-FC_website-150x150-copy.png 150w\" data-sizes=\"(max-width: 150px) 100vw, 150px\" src=\"data:image\/svg+xml;base64,PHN2ZyB3aWR0aD0iMSIgaGVpZ2h0PSIxIiB4bWxucz0iaHR0cDovL3d3dy53My5vcmcvMjAwMC9zdmciPjwvc3ZnPg==\" style=\"--smush-placeholder-width: 150px; --smush-placeholder-aspect-ratio: 150\/150;\" \/><\/span><\/div><div class=\"fusion-clearfix\"><\/div><\/div><\/div><\/div><\/div>\n<\/p>\n","protected":false},"excerpt":{"rendered":"","protected":false},"author":1,"featured_media":0,"parent":0,"menu_order":0,"comment_status":"closed","ping_status":"closed","template":"100-width.php","meta":{"footnotes":""},"class_list":["post-8262","page","type-page","status-publish","hentry"],"yoast_head":"<!-- This site is optimized with the Yoast SEO plugin v27.4 - https:\/\/yoast.com\/product\/yoast-seo-wordpress\/ -->\n<title>Acad\u00e9mie des Jeunes (U11 \u2013 U18) - Edmonton Fusion FC<\/title>\n<meta name=\"description\" content=\"L&#039;Acad\u00e9mie Sup\u00e9rieure s&#039;adresse \u00e0 des joueurs d\u00e9vou\u00e9s, motiv\u00e9s \u00e0 se pousser vers une orientation sup\u00e9rieure du soccer (pro ou universitaire).\" \/>\n<meta name=\"robots\" content=\"index, follow, max-snippet:-1, max-image-preview:large, max-video-preview:-1\" \/>\n<link rel=\"canonical\" href=\"https:\/\/edmontonfusionfc.com\/fr\/academie-u11-18\/\" \/>\n<meta property=\"og:locale\" content=\"fr_FR\" \/>\n<meta property=\"og:type\" content=\"article\" \/>\n<meta property=\"og:title\" content=\"Acad\u00e9mie des Jeunes (U11 \u2013 U18) - Edmonton Fusion FC\" \/>\n<meta property=\"og:description\" content=\"L&#039;Acad\u00e9mie Sup\u00e9rieure s&#039;adresse \u00e0 des joueurs d\u00e9vou\u00e9s, motiv\u00e9s \u00e0 se pousser vers une orientation sup\u00e9rieure du soccer (pro ou universitaire).\" \/>\n<meta property=\"og:url\" content=\"https:\/\/edmontonfusionfc.com\/fr\/academie-u11-18\/\" \/>\n<meta property=\"og:site_name\" content=\"Edmonton Fusion FC\" \/>\n<meta property=\"article:publisher\" content=\"https:\/\/www.facebook.com\/EdmontonFusionFC\/\" \/>\n<meta property=\"article:modified_time\" content=\"2026-02-15T08:59:16+00:00\" \/>\n<meta name=\"twitter:card\" content=\"summary_large_image\" \/>\n<meta name=\"twitter:site\" content=\"@EdmontonFusion\" \/>\n<meta name=\"twitter:label1\" content=\"Dur\u00e9e de lecture estim\u00e9e\" \/>\n\t<meta name=\"twitter:data1\" content=\"7 minutes\" \/>\n<script type=\"application\/ld+json\" class=\"yoast-schema-graph\">{\"@context\":\"https:\\\/\\\/schema.org\",\"@graph\":[{\"@type\":\"WebPage\",\"@id\":\"https:\\\/\\\/edmontonfusionfc.com\\\/fr\\\/academie-u11-18\\\/\",\"url\":\"https:\\\/\\\/edmontonfusionfc.com\\\/fr\\\/academie-u11-18\\\/\",\"name\":\"Acad\u00e9mie des Jeunes (U11 \u2013 U18) - Edmonton Fusion FC\",\"isPartOf\":{\"@id\":\"https:\\\/\\\/edmontonfusionfc.com\\\/#website\"},\"datePublished\":\"2020-05-06T03:42:53+00:00\",\"dateModified\":\"2026-02-15T08:59:16+00:00\",\"description\":\"L'Acad\u00e9mie Sup\u00e9rieure s'adresse \u00e0 des joueurs d\u00e9vou\u00e9s, motiv\u00e9s \u00e0 se pousser vers une orientation sup\u00e9rieure du soccer (pro ou universitaire).\",\"breadcrumb\":{\"@id\":\"https:\\\/\\\/edmontonfusionfc.com\\\/fr\\\/academie-u11-18\\\/#breadcrumb\"},\"inLanguage\":\"fr-FR\",\"potentialAction\":[{\"@type\":\"ReadAction\",\"target\":[\"https:\\\/\\\/edmontonfusionfc.com\\\/fr\\\/academie-u11-18\\\/\"]}]},{\"@type\":\"BreadcrumbList\",\"@id\":\"https:\\\/\\\/edmontonfusionfc.com\\\/fr\\\/academie-u11-18\\\/#breadcrumb\",\"itemListElement\":[{\"@type\":\"ListItem\",\"position\":1,\"name\":\"Home\",\"item\":\"https:\\\/\\\/edmontonfusionfc.com\\\/fr\\\/\"},{\"@type\":\"ListItem\",\"position\":2,\"name\":\"Acad\u00e9mie des Jeunes (U11 \u2013 U18)\"}]},{\"@type\":\"WebSite\",\"@id\":\"https:\\\/\\\/edmontonfusionfc.com\\\/#website\",\"url\":\"https:\\\/\\\/edmontonfusionfc.com\\\/\",\"name\":\"Edmonton Fusion FC\",\"description\":\"Beyond Soccer.\",\"potentialAction\":[{\"@type\":\"SearchAction\",\"target\":{\"@type\":\"EntryPoint\",\"urlTemplate\":\"https:\\\/\\\/edmontonfusionfc.com\\\/?s={search_term_string}\"},\"query-input\":{\"@type\":\"PropertyValueSpecification\",\"valueRequired\":true,\"valueName\":\"search_term_string\"}}],\"inLanguage\":\"fr-FR\"}]}<\/script>\n<!-- \/ Yoast SEO plugin. -->","yoast_head_json":{"title":"Acad\u00e9mie des Jeunes (U11 \u2013 U18) - Edmonton Fusion FC","description":"L'Acad\u00e9mie Sup\u00e9rieure s'adresse \u00e0 des joueurs d\u00e9vou\u00e9s, motiv\u00e9s \u00e0 se pousser vers une orientation sup\u00e9rieure du soccer (pro ou universitaire).","robots":{"index":"index","follow":"follow","max-snippet":"max-snippet:-1","max-image-preview":"max-image-preview:large","max-video-preview":"max-video-preview:-1"},"canonical":"https:\/\/edmontonfusionfc.com\/fr\/academie-u11-18\/","og_locale":"fr_FR","og_type":"article","og_title":"Acad\u00e9mie des Jeunes (U11 \u2013 U18) - Edmonton Fusion FC","og_description":"L'Acad\u00e9mie Sup\u00e9rieure s'adresse \u00e0 des joueurs d\u00e9vou\u00e9s, motiv\u00e9s \u00e0 se pousser vers une orientation sup\u00e9rieure du soccer (pro ou universitaire).","og_url":"https:\/\/edmontonfusionfc.com\/fr\/academie-u11-18\/","og_site_name":"Edmonton Fusion FC","article_publisher":"https:\/\/www.facebook.com\/EdmontonFusionFC\/","article_modified_time":"2026-02-15T08:59:16+00:00","twitter_card":"summary_large_image","twitter_site":"@EdmontonFusion","twitter_misc":{"Dur\u00e9e de lecture estim\u00e9e":"7 minutes"},"schema":{"@context":"https:\/\/schema.org","@graph":[{"@type":"WebPage","@id":"https:\/\/edmontonfusionfc.com\/fr\/academie-u11-18\/","url":"https:\/\/edmontonfusionfc.com\/fr\/academie-u11-18\/","name":"Acad\u00e9mie des Jeunes (U11 \u2013 U18) - Edmonton Fusion FC","isPartOf":{"@id":"https:\/\/edmontonfusionfc.com\/#website"},"datePublished":"2020-05-06T03:42:53+00:00","dateModified":"2026-02-15T08:59:16+00:00","description":"L'Acad\u00e9mie Sup\u00e9rieure s'adresse \u00e0 des joueurs d\u00e9vou\u00e9s, motiv\u00e9s \u00e0 se pousser vers une orientation sup\u00e9rieure du soccer (pro ou universitaire).","breadcrumb":{"@id":"https:\/\/edmontonfusionfc.com\/fr\/academie-u11-18\/#breadcrumb"},"inLanguage":"fr-FR","potentialAction":[{"@type":"ReadAction","target":["https:\/\/edmontonfusionfc.com\/fr\/academie-u11-18\/"]}]},{"@type":"BreadcrumbList","@id":"https:\/\/edmontonfusionfc.com\/fr\/academie-u11-18\/#breadcrumb","itemListElement":[{"@type":"ListItem","position":1,"name":"Home","item":"https:\/\/edmontonfusionfc.com\/fr\/"},{"@type":"ListItem","position":2,"name":"Acad\u00e9mie des Jeunes (U11 \u2013 U18)"}]},{"@type":"WebSite","@id":"https:\/\/edmontonfusionfc.com\/#website","url":"https:\/\/edmontonfusionfc.com\/","name":"Edmonton Fusion FC","description":"Beyond Soccer.","potentialAction":[{"@type":"SearchAction","target":{"@type":"EntryPoint","urlTemplate":"https:\/\/edmontonfusionfc.com\/?s={search_term_string}"},"query-input":{"@type":"PropertyValueSpecification","valueRequired":true,"valueName":"search_term_string"}}],"inLanguage":"fr-FR"}]}},"_links":{"self":[{"href":"https:\/\/edmontonfusionfc.com\/fr\/wp-json\/wp\/v2\/pages\/8262","targetHints":{"allow":["GET"]}}],"collection":[{"href":"https:\/\/edmontonfusionfc.com\/fr\/wp-json\/wp\/v2\/pages"}],"about":[{"href":"https:\/\/edmontonfusionfc.com\/fr\/wp-json\/wp\/v2\/types\/page"}],"author":[{"embeddable":true,"href":"https:\/\/edmontonfusionfc.com\/fr\/wp-json\/wp\/v2\/users\/1"}],"replies":[{"embeddable":true,"href":"https:\/\/edmontonfusionfc.com\/fr\/wp-json\/wp\/v2\/comments?post=8262"}],"version-history":[{"count":3,"href":"https:\/\/edmontonfusionfc.com\/fr\/wp-json\/wp\/v2\/pages\/8262\/revisions"}],"predecessor-version":[{"id":15698,"href":"https:\/\/edmontonfusionfc.com\/fr\/wp-json\/wp\/v2\/pages\/8262\/revisions\/15698"}],"wp:attachment":[{"href":"https:\/\/edmontonfusionfc.com\/fr\/wp-json\/wp\/v2\/media?parent=8262"}],"curies":[{"name":"wp","href":"https:\/\/api.w.org\/{rel}","templated":true}]}}